{"id":1283,"date":"2021-05-09T14:07:09","date_gmt":"2021-05-09T14:07:09","guid":{"rendered":"https:\/\/www.gamingscams.com\/?page_id=1283"},"modified":"2024-11-10T16:06:36","modified_gmt":"2024-11-10T16:06:36","slug":"online-spiele-betrug-wie-sie-sich-schuetzen-koennen","status":"publish","type":"page","link":"https:\/\/www.gamingscams.com\/de\/","title":{"rendered":"Online Spiele Betrug: Wie Sie sich sch\u00fctzen k\u00f6nnen!"},"content":{"rendered":"<p>Hallo!<\/p>\n<p>wusstest du, dass es da drau\u00dfen Tausende von Spieleseiten gibt? Und nicht alle sind sicher und gesch\u00fctzt!<\/p>\n<p>Online-Gaming ist ein Milliarden-Dollar-Markt, und die Pseudo-Anonymit\u00e4t bringt eine riesige Anzahl von Betr\u00fcgern hervor, <strong>die versuchen, deine Accounts, Skins und dein Geld zu stehlen<\/strong>.<\/p>\n<p>Unsere Aufgabe ist es, die beliebtesten Websites zu \u00fcberpr\u00fcfen und <strong>grundlegende Informationen &amp; echte Kommentare<\/strong> bereitzustellen, damit du eine sichere Entscheidung treffen kannst &#8211; ohne betrogen zu werden!<\/p>\n<p>Diese Spieleseiten haben wir bereits \u00fcberpr\u00fcft:<\/p>\n<ul>\n<li><a href=\"\/de\/cs-money\/\">CS.MONEY<\/a><\/li>\n<li><a href=\"\/de\/dmarket\/\">DMarket<\/a><\/li>\n<li><a href=\"\/de\/lootbear\/\">LootBear<\/a><\/li>\n<li><a href=\"\/de\/skinbaron\/\">SkinBaron<\/a><\/li>\n<li><a href=\"\/de\/skinport\/\">Skinport<\/a><\/li>\n<\/ul>\n<p>Helfen Sie uns, indem Sie \u00fcber <a href=\"\/de\/kontakt\/\">unsere Kontaktseite<\/a> neue Websites vorschlagen und Ihre Erfahrungen in unsere Bewertungen einbringen.<\/p>\n<p>Bleiben Sie sicher,<\/p>\n<p>Kristian Winkler und David Sander (Gr\u00fcnder)<\/p>\n","protected":false},"excerpt":{"rendered":"<p>Hallo! wusstest du, dass es da drau\u00dfen Tausende von Spieleseiten gibt? Und nicht alle sind sicher und gesch\u00fctzt! Online-Gaming ist ein Milliarden-Dollar-Markt, und die Pseudo-Anonymit\u00e4t bringt eine riesige Anzahl von Betr\u00fcgern hervor, die versuchen, deine Accounts, Skins und dein Geld zu stehlen. Unsere Aufgabe ist es, die beliebtesten Websites zu \u00fcberpr\u00fcfen und grundlegende Informationen &amp; &#8230; <a title=\"Online Spiele Betrug: Wie Sie sich sch\u00fctzen k\u00f6nnen!\" class=\"read-more\" href=\"https:\/\/www.gamingscams.com\/de\/\" aria-label=\"Mehr Informationen \u00fcber Online Spiele Betrug: Wie Sie sich sch\u00fctzen k\u00f6nnen!\">Weiterlesen<\/a><\/p>\n","protected":false},"author":2,"featured_media":0,"parent":0,"menu_order":0,"comment_status":"closed","ping_status":"closed","template":"","meta":{"footnotes":""},"class_list":["post-1283","page","type-page","status-publish"],"_links":{"self":[{"href":"https:\/\/www.gamingscams.com\/de\/wp-json\/wp\/v2\/pages\/1283","targetHints":{"allow":["GET"]}}],"collection":[{"href":"https:\/\/www.gamingscams.com\/de\/wp-json\/wp\/v2\/pages"}],"about":[{"href":"https:\/\/www.gamingscams.com\/de\/wp-json\/wp\/v2\/types\/page"}],"author":[{"embeddable":true,"href":"https:\/\/www.gamingscams.com\/de\/wp-json\/wp\/v2\/users\/2"}],"replies":[{"embeddable":true,"href":"https:\/\/www.gamingscams.com\/de\/wp-json\/wp\/v2\/comments?post=1283"}],"version-history":[{"count":0,"href":"https:\/\/www.gamingscams.com\/de\/wp-json\/wp\/v2\/pages\/1283\/revisions"}],"wp:attachment":[{"href":"https:\/\/www.gamingscams.com\/de\/wp-json\/wp\/v2\/media?parent=1283"}],"curies":[{"name":"wp","href":"https:\/\/api.w.org\/{rel}","templated":true}]}}