{"id":1607,"date":"2021-05-24T16:15:13","date_gmt":"2021-05-24T16:15:13","guid":{"rendered":"https:\/\/www.gamingscams.com\/?page_id=1607"},"modified":"2024-10-30T10:34:26","modified_gmt":"2024-10-30T10:34:26","slug":"lootbear","status":"publish","type":"page","link":"https:\/\/www.gamingscams.com\/de\/lootbear\/","title":{"rendered":"LootBear Erfahrungen: Betrug oder nicht?"},"content":{"rendered":"<p><img decoding=\"async\" class=\"alignright size-medium wp-image-236\" src=\"https:\/\/www.gamingscams.com\/wp-content\/uploads\/2024\/07\/lootbear-300x153.png\" alt=\"LootBear\" width=\"300\" height=\"153\" srcset=\"https:\/\/www.gamingscams.com\/wp-content\/uploads\/2024\/07\/lootbear-300x153.png 300w, https:\/\/www.gamingscams.com\/wp-content\/uploads\/2024\/07\/lootbear-1024x523.png 1024w, https:\/\/www.gamingscams.com\/wp-content\/uploads\/2024\/07\/lootbear-768x392.png 768w, https:\/\/www.gamingscams.com\/wp-content\/uploads\/2024\/07\/lootbear-1536x784.png 1536w, https:\/\/www.gamingscams.com\/wp-content\/uploads\/2024\/07\/lootbear-2048x1045.png 2048w\" sizes=\"(max-width: 300px) 100vw, 300px\" \/>LootBear ist <strong>ein bekannter Skin-Marktplatz f\u00fcr CS2-Skins aus Israel<\/strong>.<\/p>\n<p><u>Aber ist LootBear ein Betrug?<\/u><\/p>\n<p><strong>Nein, ist es nicht!<\/strong><\/p>\n<p>Unser Test und Erfahrung zeigen, dass <strong>LootBear ein sicherer und zuverl\u00e4ssiger Marktplatz ist<\/strong>.<\/p>\n<p>Teile deine Erkenntnisse und Erfahrungen mit LootBear in <a href=\"#comments\">unserem Kommentarbereich<\/a>.<\/p>\n<h2>\u00dcber LootBear<\/h2>\n<p>In der folgenden Tabelle findest du <strong>die wichtigsten Informationen \u00fcber LootBear<\/strong>:<\/p>\n<table>\n<caption><u>\u00dcberblick \u00fcber LootBear<\/u><\/caption>\n<tbody>\n<tr>\n<th>Name<\/th>\n<td>LootBear<\/td>\n<\/tr>\n<tr>\n<th>Promo Code<\/th>\n<td>nicht verf\u00fcgbar<\/td>\n<\/tr>\n<tr>\n<th>Webseite<\/th>\n<td><a href=\"https:\/\/app.lootbear.com\/\" target=\"_blank\" rel=\"noopener\">lootbear.com<\/a><\/td>\n<\/tr>\n<tr>\n<th>Unternehmen<\/th>\n<td>Zengaming Inc.<\/td>\n<\/tr>\n<tr>\n<th>Adresse<\/th>\n<td>Soncino Str. 3, Tel Aviv-Yafo, Israel<\/td>\n<\/tr>\n<tr>\n<th>Kontakt<\/th>\n<td>E-Mail, Live Chat<\/td>\n<\/tr>\n<tr>\n<th>CEO<\/th>\n<td>Jimi Gecelter<\/td>\n<\/tr>\n<tr>\n<th>Gr\u00fcnder<\/th>\n<td>Chris Martin, Jimi Gecelter<\/td>\n<\/tr>\n<tr>\n<th>Gr\u00fcndung<\/th>\n<td>2018<\/td>\n<\/tr>\n<tr>\n<th>Spiele<\/th>\n<td>CS2<\/td>\n<\/tr>\n<tr>\n<th>Zahlungsmethoden<\/th>\n<td>Kreditkarte, PayPal<\/td>\n<\/tr>\n<tr>\n<th>Geb\u00fchren<\/th>\n<td>monatliches Abonnement ab $14,99 pro Monat f\u00fcr das Mieten, keine Geb\u00fchren f\u00fcr den Verkauf von Skins<\/td>\n<\/tr>\n<tr>\n<th>Sprachen<\/th>\n<td>Englisch<\/td>\n<\/tr>\n<\/tbody>\n<\/table>\n","protected":false},"excerpt":{"rendered":"<p>LootBear ist ein bekannter Skin-Marktplatz f\u00fcr CS2-Skins aus Israel. Aber ist LootBear ein Betrug? Nein, ist es nicht! Unser Test und Erfahrung zeigen, dass LootBear ein sicherer und zuverl\u00e4ssiger Marktplatz ist. Teile deine Erkenntnisse und Erfahrungen mit LootBear in unserem Kommentarbereich. \u00dcber LootBear In der folgenden Tabelle findest du die wichtigsten Informationen \u00fcber LootBear: \u00dcberblick &#8230; <a title=\"LootBear Erfahrungen: Betrug oder nicht?\" class=\"read-more\" href=\"https:\/\/www.gamingscams.com\/de\/lootbear\/\" aria-label=\"Mehr Informationen \u00fcber LootBear Erfahrungen: Betrug oder nicht?\">Weiterlesen<\/a><\/p>\n","protected":false},"author":2,"featured_media":0,"parent":0,"menu_order":0,"comment_status":"open","ping_status":"closed","template":"","meta":{"footnotes":""},"class_list":["post-1607","page","type-page","status-publish"],"_links":{"self":[{"href":"https:\/\/www.gamingscams.com\/de\/wp-json\/wp\/v2\/pages\/1607","targetHints":{"allow":["GET"]}}],"collection":[{"href":"https:\/\/www.gamingscams.com\/de\/wp-json\/wp\/v2\/pages"}],"about":[{"href":"https:\/\/www.gamingscams.com\/de\/wp-json\/wp\/v2\/types\/page"}],"author":[{"embeddable":true,"href":"https:\/\/www.gamingscams.com\/de\/wp-json\/wp\/v2\/users\/2"}],"replies":[{"embeddable":true,"href":"https:\/\/www.gamingscams.com\/de\/wp-json\/wp\/v2\/comments?post=1607"}],"version-history":[{"count":0,"href":"https:\/\/www.gamingscams.com\/de\/wp-json\/wp\/v2\/pages\/1607\/revisions"}],"wp:attachment":[{"href":"https:\/\/www.gamingscams.com\/de\/wp-json\/wp\/v2\/media?parent=1607"}],"curies":[{"name":"wp","href":"https:\/\/api.w.org\/{rel}","templated":true}]}}