{"id":1611,"date":"2024-10-08T13:56:53","date_gmt":"2024-10-08T13:56:53","guid":{"rendered":"https:\/\/www.gamingscams.com\/?page_id=1611"},"modified":"2024-10-30T16:30:58","modified_gmt":"2024-10-30T16:30:58","slug":"skin-club","status":"publish","type":"page","link":"https:\/\/www.gamingscams.com\/de\/skin-club\/","title":{"rendered":"Skin.Club Erfahrungen: Betrug oder nicht?"},"content":{"rendered":"<p><img decoding=\"async\" src=\"https:\/\/www.gamingscams.com\/wp-content\/uploads\/2024\/10\/skin-club-300x153.png\" alt=\"Skin.Club\" width=\"300\" height=\"153\" class=\"alignright size-medium wp-image-1627\" srcset=\"https:\/\/www.gamingscams.com\/wp-content\/uploads\/2024\/10\/skin-club-300x153.png 300w, https:\/\/www.gamingscams.com\/wp-content\/uploads\/2024\/10\/skin-club-1024x523.png 1024w, https:\/\/www.gamingscams.com\/wp-content\/uploads\/2024\/10\/skin-club-768x392.png 768w, https:\/\/www.gamingscams.com\/wp-content\/uploads\/2024\/10\/skin-club-1536x784.png 1536w, https:\/\/www.gamingscams.com\/wp-content\/uploads\/2024\/10\/skin-club-2048x1045.png 2048w\" sizes=\"(max-width: 300px) 100vw, 300px\" \/>Skin.Club ist <strong>eine bekannte Case Opening Seite f\u00fcr CS2-Skins aus Zypern<\/strong>.<\/p>\n<p><u>Aber ist Skin.Club ein Betrug?<\/u><\/p>\n<p><strong>Nein, ist es nicht!<\/strong><\/p>\n<p>Unser Test und Erfahrung zeigen, dass <strong>Skin.Club eine sichere und zuverl\u00e4ssige Seite ist<\/strong>.<\/p>\n<p>Teile deine Erkenntnisse und Erfahrungen mit Skin.Club in <a href=\"#comments\">unserem Kommentarbereich<\/a>.<\/p>\n<h2>\u00dcber Skin.Club<\/h2>\n<p>In der folgenden Tabelle findest du <strong>die wichtigsten Informationen \u00fcber Skin.Club<\/strong>:<\/p>\n<table>\n<caption><u>\u00dcberblick \u00fcber Skin.Club<\/u><\/caption>\n<tbody>\n<tr>\n<th>Name<\/th>\n<td>Skin.Club<\/td>\n<\/tr>\n<tr>\n<th>Promo Code<\/th>\n<td>nicht verf\u00fcgbar<\/td>\n<\/tr>\n<tr>\n<th>Webseite<\/th>\n<td><a href=\"https:\/\/skin.club\/de\" target=\"_blank\" rel=\"noopener\">skin.club<\/a><\/td>\n<\/tr>\n<tr>\n<th>Unternehmen<\/th>\n<td>Moontain Limited<\/td>\n<\/tr>\n<tr>\n<th>Adresse<\/th>\n<td>Loutrakiou 5 Chara Venezia Building, Office 101, 1st Floor, 2027 Nicosia, Zypern<\/td>\n<\/tr>\n<tr>\n<th>Kontakt<\/th>\n<td>E-Mail, Kontaktformular<\/td>\n<\/tr>\n<tr>\n<th>CEO<\/th>\n<td>unbekannt<\/td>\n<\/tr>\n<tr>\n<th>Gr\u00fcnder<\/th>\n<td>unbekannt<\/td>\n<\/tr>\n<tr>\n<th>Gr\u00fcndung<\/th>\n<td>unbekannt<\/td>\n<\/tr>\n<tr>\n<th>Spiele<\/th>\n<td>CS2<\/td>\n<\/tr>\n<tr>\n<th>Zahlungsmethoden<\/th>\n<td>Kreditkarte, Sofort, Trustly<\/td>\n<\/tr>\n<tr>\n<th>Geb\u00fchren<\/th>\n<td>keine<\/td>\n<\/tr>\n<tr>\n<th>Sprachen<\/th>\n<td>Deutsch, Englisch, Chinesisch, Franz\u00f6sisch, Italienisch, Polnisch, Portugiesisch, Spanisch, T\u00fcrkisch, Vietnamesisch, Chinesisch, Japanisch, Koreanisch, Thai, Hindi<\/td>\n<\/tr>\n<\/tbody>\n<\/table>\n","protected":false},"excerpt":{"rendered":"<p>Skin.Club ist eine bekannte Case Opening Seite f\u00fcr CS2-Skins aus Zypern. Aber ist Skin.Club ein Betrug? Nein, ist es nicht! Unser Test und Erfahrung zeigen, dass Skin.Club eine sichere und zuverl\u00e4ssige Seite ist. Teile deine Erkenntnisse und Erfahrungen mit Skin.Club in unserem Kommentarbereich. \u00dcber Skin.Club In der folgenden Tabelle findest du die wichtigsten Informationen \u00fcber &#8230; <a title=\"Skin.Club Erfahrungen: Betrug oder nicht?\" class=\"read-more\" href=\"https:\/\/www.gamingscams.com\/de\/skin-club\/\" aria-label=\"Mehr Informationen \u00fcber Skin.Club Erfahrungen: Betrug oder nicht?\">Weiterlesen<\/a><\/p>\n","protected":false},"author":2,"featured_media":0,"parent":0,"menu_order":0,"comment_status":"open","ping_status":"closed","template":"","meta":{"footnotes":""},"class_list":["post-1611","page","type-page","status-publish"],"_links":{"self":[{"href":"https:\/\/www.gamingscams.com\/de\/wp-json\/wp\/v2\/pages\/1611","targetHints":{"allow":["GET"]}}],"collection":[{"href":"https:\/\/www.gamingscams.com\/de\/wp-json\/wp\/v2\/pages"}],"about":[{"href":"https:\/\/www.gamingscams.com\/de\/wp-json\/wp\/v2\/types\/page"}],"author":[{"embeddable":true,"href":"https:\/\/www.gamingscams.com\/de\/wp-json\/wp\/v2\/users\/2"}],"replies":[{"embeddable":true,"href":"https:\/\/www.gamingscams.com\/de\/wp-json\/wp\/v2\/comments?post=1611"}],"version-history":[{"count":0,"href":"https:\/\/www.gamingscams.com\/de\/wp-json\/wp\/v2\/pages\/1611\/revisions"}],"wp:attachment":[{"href":"https:\/\/www.gamingscams.com\/de\/wp-json\/wp\/v2\/media?parent=1611"}],"curies":[{"name":"wp","href":"https:\/\/api.w.org\/{rel}","templated":true}]}}