{"id":1633,"date":"2024-10-09T10:11:11","date_gmt":"2024-10-09T10:11:11","guid":{"rendered":"https:\/\/www.gamingscams.com\/?page_id=1633"},"modified":"2024-10-30T10:31:54","modified_gmt":"2024-10-30T10:31:54","slug":"skinsmonkey","status":"publish","type":"page","link":"https:\/\/www.gamingscams.com\/de\/skinsmonkey\/","title":{"rendered":"SkinsMonkey Erfahrungen: Betrug oder nicht?"},"content":{"rendered":"<p><img decoding=\"async\" class=\"alignright size-medium wp-image-195\" src=\"https:\/\/www.gamingscams.com\/wp-content\/uploads\/2024\/06\/csgo-1-300x143.png\" alt=\"SkinsMonkey\" width=\"300\" height=\"143\" srcset=\"https:\/\/www.gamingscams.com\/wp-content\/uploads\/2024\/06\/csgo-1-300x143.png 300w, https:\/\/www.gamingscams.com\/wp-content\/uploads\/2024\/06\/csgo-1-1024x489.png 1024w, https:\/\/www.gamingscams.com\/wp-content\/uploads\/2024\/06\/csgo-1-768x367.png 768w, https:\/\/www.gamingscams.com\/wp-content\/uploads\/2024\/06\/csgo-1.png 1427w\" sizes=\"(max-width: 300px) 100vw, 300px\" \/>SkinsMonkey ist <strong>ein bekannter Skin-Marktplatz f\u00fcr CS2-Skins aus Zypern<\/strong>.<\/p>\n<p><u>Aber ist SkinsMonkey ein Betrug?<\/u><\/p>\n<p><strong>Nein, ist es nicht!<\/strong><\/p>\n<p>Unser Test und Erfahrung zeigen, dass <strong>SkinsMonkey ein sicherer und zuverl\u00e4ssiger Marktplatz ist<\/strong>.<\/p>\n<p>Teile deine Erkenntnisse und Erfahrungen mit SkinsMonkey in <a href=\"#comments\">unserem Kommentarbereich<\/a>.<\/p>\n<h2>\u00dcber SkinsMonkey<\/h2>\n<p>In der folgenden Tabelle findest du <strong>die wichtigsten Informationen \u00fcber SkinsMonkey<\/strong>:<\/p>\n<table>\n<caption><u>\u00dcberblick \u00fcber SkinsMonkey<\/u><\/caption>\n<tbody>\n<tr>\n<th>Name<\/th>\n<td>SkinsMonkey<\/td>\n<\/tr>\n<tr>\n<th>Promo Code<\/th>\n<td>nicht verf\u00fcgbar<\/td>\n<\/tr>\n<tr>\n<th>Webseite<\/th>\n<td><a href=\"https:\/\/skinsmonkey.com\/\" target=\"_blank\" rel=\"noopener\">skinsmonkey.com<\/a><\/td>\n<\/tr>\n<tr>\n<th>Unternehmen<\/th>\n<td>Virtual Asset Empire Ltd.<\/td>\n<\/tr>\n<tr>\n<th>Adresse<\/th>\n<td>13 Kypranoros Str., Evi Building, 1st Floor, Office 102, 1061 Nicosia, Zypern<\/td>\n<\/tr>\n<tr>\n<th>Kontakt<\/th>\n<td>Live Chat, Kontaktformular<\/td>\n<\/tr>\n<tr>\n<th>CEO<\/th>\n<td>unbekannt<\/td>\n<\/tr>\n<tr>\n<th>Gr\u00fcnder<\/th>\n<td>unbekannt<\/td>\n<\/tr>\n<tr>\n<th>Gr\u00fcndung<\/th>\n<td>2021<\/td>\n<\/tr>\n<tr>\n<th>Spiele<\/th>\n<td>CS2, Rust<\/td>\n<\/tr>\n<tr>\n<th>Zahlungsmethoden<\/th>\n<td>PayPal, Kreditkarte, Skrill, WebMoney, blik, Boeletol, QIWI, paysafe, Sofort, Trustly, Bitcoin, Ethereum, Dogecoin<\/td>\n<\/tr>\n<tr>\n<th>Fees<\/th>\n<td>0% Handelsprovision, 7% bis 10% Preisunterschied zwischen Kauf und Verkauf von Fellen<\/td>\n<\/tr>\n<tr>\n<th>Sprachen<\/th>\n<td>Deutsch, Englisch, Tschechisch, Niederl\u00e4ndisch, D\u00e4nisch, Spanisch, Franz\u00f6sisch, Japanisch, Norwegisch, Polnisch, Portugiesisch, Rum\u00e4nisch, Russisch, Slowenisch, Suomi, Schwedisch, Vietnamesisch, T\u00fcrkisch, Ukrainisch, Chinesisch<\/td>\n<\/tr>\n<\/tbody>\n<\/table>\n","protected":false},"excerpt":{"rendered":"<p>SkinsMonkey ist ein bekannter Skin-Marktplatz f\u00fcr CS2-Skins aus Zypern. Aber ist SkinsMonkey ein Betrug? Nein, ist es nicht! Unser Test und Erfahrung zeigen, dass SkinsMonkey ein sicherer und zuverl\u00e4ssiger Marktplatz ist. Teile deine Erkenntnisse und Erfahrungen mit SkinsMonkey in unserem Kommentarbereich. \u00dcber SkinsMonkey In der folgenden Tabelle findest du die wichtigsten Informationen \u00fcber SkinsMonkey: \u00dcberblick &#8230; <a title=\"SkinsMonkey Erfahrungen: Betrug oder nicht?\" class=\"read-more\" href=\"https:\/\/www.gamingscams.com\/de\/skinsmonkey\/\" aria-label=\"Mehr Informationen \u00fcber SkinsMonkey Erfahrungen: Betrug oder nicht?\">Weiterlesen<\/a><\/p>\n","protected":false},"author":2,"featured_media":0,"parent":0,"menu_order":0,"comment_status":"open","ping_status":"closed","template":"","meta":{"footnotes":""},"class_list":["post-1633","page","type-page","status-publish"],"_links":{"self":[{"href":"https:\/\/www.gamingscams.com\/de\/wp-json\/wp\/v2\/pages\/1633","targetHints":{"allow":["GET"]}}],"collection":[{"href":"https:\/\/www.gamingscams.com\/de\/wp-json\/wp\/v2\/pages"}],"about":[{"href":"https:\/\/www.gamingscams.com\/de\/wp-json\/wp\/v2\/types\/page"}],"author":[{"embeddable":true,"href":"https:\/\/www.gamingscams.com\/de\/wp-json\/wp\/v2\/users\/2"}],"replies":[{"embeddable":true,"href":"https:\/\/www.gamingscams.com\/de\/wp-json\/wp\/v2\/comments?post=1633"}],"version-history":[{"count":0,"href":"https:\/\/www.gamingscams.com\/de\/wp-json\/wp\/v2\/pages\/1633\/revisions"}],"wp:attachment":[{"href":"https:\/\/www.gamingscams.com\/de\/wp-json\/wp\/v2\/media?parent=1633"}],"curies":[{"name":"wp","href":"https:\/\/api.w.org\/{rel}","templated":true}]}}