{"id":1688,"date":"2024-10-08T13:47:28","date_gmt":"2024-10-08T13:47:28","guid":{"rendered":"https:\/\/www.gamingscams.com\/?page_id=1688"},"modified":"2024-11-01T11:47:42","modified_gmt":"2024-11-01T11:47:42","slug":"freecash","status":"publish","type":"page","link":"https:\/\/www.gamingscams.com\/de\/freecash\/","title":{"rendered":"Freecash Erfahrungen: Betrug oder nicht?"},"content":{"rendered":"<p><img decoding=\"async\" src=\"https:\/\/www.gamingscams.com\/wp-content\/uploads\/2024\/10\/freecash-300x153.png\" alt=\"Freecash\" width=\"300\" height=\"153\" class=\"alignright size-medium wp-image-1693\" srcset=\"https:\/\/www.gamingscams.com\/wp-content\/uploads\/2024\/10\/freecash-300x153.png 300w, https:\/\/www.gamingscams.com\/wp-content\/uploads\/2024\/10\/freecash-1024x523.png 1024w, https:\/\/www.gamingscams.com\/wp-content\/uploads\/2024\/10\/freecash-768x392.png 768w, https:\/\/www.gamingscams.com\/wp-content\/uploads\/2024\/10\/freecash-1536x784.png 1536w, https:\/\/www.gamingscams.com\/wp-content\/uploads\/2024\/10\/freecash-2048x1045.png 2048w\" sizes=\"(max-width: 300px) 100vw, 300px\" \/>Freecash ist <strong>eine bekannte Plattform aus den USA, auf der man Geld und Skins f\u00fcr das Testen von Apps, Spielen und Umfragen verdienen kann<\/strong>.<\/p>\n<p><u>Aber ist Freecash ein Betrug?<\/u><\/p>\n<p><strong>Nein, ist es nicht!<\/strong><\/p>\n<p>Unser Test und Erfahrung zeigen, dass <strong>Freecash eine sicherere und zuverl\u00e4ssige Plattform ist<\/strong>.<\/p>\n<p style=\"text-align: center;\"><a class=\"button\" href=\"\/de\/to\/freecash\" target=\"_blank\" rel=\"noopener sponsored\">Jetzt bei Freecash anmelden!<\/a><\/p>\n<p>Teile deine Erkenntnisse und Erfahrungen mit Freecash in <a href=\"#comments\">unserem Kommentarbereich<\/a>.<\/p>\n<h2>\u00dcber Freecash<\/h2>\n<p>In der folgenden Tabelle findest du <strong>die wichtigsten Informationen \u00fcber Freecash<\/strong>:<\/p>\n<table>\n<caption><u>\u00dcberblick \u00fcber Freecash<\/u><\/caption>\n<tbody>\n<tr>\n<th>Name<\/th>\n<td>Freecash<\/td>\n<\/tr>\n<tr>\n<th>Promo Code<\/th>\n<td>nicht verf\u00fcgbar<\/td>\n<\/tr>\n<tr>\n<th>Webseite<\/th>\n<td><a href=\"\/de\/to\/freecash\" target=\"_blank\" rel=\"noopener sponsored\">freecash.com<\/a><\/td>\n<\/tr>\n<tr>\n<th>Unternehmen<\/th>\n<td>Freecash Inc.<\/td>\n<\/tr>\n<tr>\n<th>Adresse<\/th>\n<td>30 N Gould St Ste N Sheridan, Wyoming 82801-6317, USA<\/td>\n<\/tr>\n<tr>\n<th>Kontakt<\/th>\n<td>Live Chat, E-Mail<\/td>\n<\/tr>\n<tr>\n<th>CEO<\/th>\n<td>Kaiesh Vohra<\/td>\n<\/tr>\n<tr>\n<th>Gr\u00fcnder<\/th>\n<td>Kaiesh Vohra, Zal Dastur<\/td>\n<\/tr>\n<tr>\n<th>Gr\u00fcndung<\/th>\n<td>2018<\/td>\n<\/tr>\n<tr>\n<th>Angebote<\/th>\n<td>Apps, Games, Surveys<\/td>\n<\/tr>\n<tr>\n<th>Zahlungsmethoden<\/th>\n<td>PayPal, Bitcoin, Stake, Ethereum, Litecoin, Dogecoin, Gutscheine (Amazon, Visa, Google Play, Apple, Netflix, Spotify, Zalando, Steam, PlayStation, Xbox, Nintendo, Blizzard, Minecraft), Skins (Fortnite, League of Legends, Valorant)<\/td>\n<\/tr>\n<tr>\n<th>Sprachen<\/th>\n<td>Englisch, Deutsch, Franz\u00f6sisch, Spanisch, Portugiesisch, Italienisch, Niederl\u00e4ndisch, Japanisch, Polnisch, Schwedisch, T\u00fcrkisch, Koreanisch, D\u00e4nisch<\/td>\n<\/tr>\n<\/tbody>\n<\/table>\n","protected":false},"excerpt":{"rendered":"<p>Freecash ist eine bekannte Plattform aus den USA, auf der man Geld und Skins f\u00fcr das Testen von Apps, Spielen und Umfragen verdienen kann. Aber ist Freecash ein Betrug? Nein, ist es nicht! Unser Test und Erfahrung zeigen, dass Freecash eine sicherere und zuverl\u00e4ssige Plattform ist. Jetzt bei Freecash anmelden! Teile deine Erkenntnisse und Erfahrungen &#8230; <a title=\"Freecash Erfahrungen: Betrug oder nicht?\" class=\"read-more\" href=\"https:\/\/www.gamingscams.com\/de\/freecash\/\" aria-label=\"Mehr Informationen \u00fcber Freecash Erfahrungen: Betrug oder nicht?\">Weiterlesen<\/a><\/p>\n","protected":false},"author":2,"featured_media":0,"parent":0,"menu_order":0,"comment_status":"open","ping_status":"closed","template":"","meta":{"footnotes":""},"class_list":["post-1688","page","type-page","status-publish"],"_links":{"self":[{"href":"https:\/\/www.gamingscams.com\/de\/wp-json\/wp\/v2\/pages\/1688","targetHints":{"allow":["GET"]}}],"collection":[{"href":"https:\/\/www.gamingscams.com\/de\/wp-json\/wp\/v2\/pages"}],"about":[{"href":"https:\/\/www.gamingscams.com\/de\/wp-json\/wp\/v2\/types\/page"}],"author":[{"embeddable":true,"href":"https:\/\/www.gamingscams.com\/de\/wp-json\/wp\/v2\/users\/2"}],"replies":[{"embeddable":true,"href":"https:\/\/www.gamingscams.com\/de\/wp-json\/wp\/v2\/comments?post=1688"}],"version-history":[{"count":0,"href":"https:\/\/www.gamingscams.com\/de\/wp-json\/wp\/v2\/pages\/1688\/revisions"}],"wp:attachment":[{"href":"https:\/\/www.gamingscams.com\/de\/wp-json\/wp\/v2\/media?parent=1688"}],"curies":[{"name":"wp","href":"https:\/\/api.w.org\/{rel}","templated":true}]}}