{"id":1758,"date":"2024-10-08T12:40:54","date_gmt":"2024-10-08T12:40:54","guid":{"rendered":"https:\/\/www.gamingscams.com\/?page_id=1758"},"modified":"2024-10-31T08:47:05","modified_gmt":"2024-10-31T08:47:05","slug":"amazon-luna","status":"publish","type":"page","link":"https:\/\/www.gamingscams.com\/de\/amazon-luna\/","title":{"rendered":"Amazon Luna Erfahrungen: Betrug oder nicht?"},"content":{"rendered":"<p><img decoding=\"async\" src=\"https:\/\/www.gamingscams.com\/wp-content\/uploads\/2024\/10\/amazon-luna-de-300x153.png\" alt=\"Amazon Luna\" width=\"300\" height=\"153\" class=\"alignright size-medium wp-image-1763\" srcset=\"https:\/\/www.gamingscams.com\/wp-content\/uploads\/2024\/10\/amazon-luna-de-300x153.png 300w, https:\/\/www.gamingscams.com\/wp-content\/uploads\/2024\/10\/amazon-luna-de-1024x523.png 1024w, https:\/\/www.gamingscams.com\/wp-content\/uploads\/2024\/10\/amazon-luna-de-768x392.png 768w, https:\/\/www.gamingscams.com\/wp-content\/uploads\/2024\/10\/amazon-luna-de-1536x784.png 1536w, https:\/\/www.gamingscams.com\/wp-content\/uploads\/2024\/10\/amazon-luna-de-2048x1045.png 2048w\" sizes=\"(max-width: 300px) 100vw, 300px\" \/>Amazon Luna ist <strong>eine bekannte Cloud Gaming Plattform aus den USA<\/strong>.<\/p>\n<p><u>Aber ist Amazon Luna ein Betrug?<\/u><\/p>\n<p><strong>Nein, ist es nicht!<\/strong><\/p>\n<p>Unser Test und Erfahrung zeigen, dass <strong>Amazon Luna eine sichere und zuverl\u00e4ssige Plattform ist<\/strong>.<\/p>\n<p>Teile deine Erkenntnisse und Erfahrungen mit Amazon Luna in <a href=\"#comments\">unserem Kommentarbereich<\/a>.<\/p>\n<h2>\u00dcber Amazon Luna<\/h2>\n<p>In der folgenden Tabelle findest du <strong>die wichtigsten Informationen \u00fcber Amazon Luna<\/strong>:<\/p>\n<table>\n<caption><u>\u00dcberblick \u00fcber Amazon Luna<\/u><\/caption>\n<tbody>\n<tr>\n<th>Name<\/th>\n<td>Amazon Luna<\/td>\n<\/tr>\n<tr>\n<th>Promo Code<\/th>\n<td>nicht verf\u00fcgbar<\/td>\n<\/tr>\n<tr>\n<th>Webseite<\/th>\n<td><a href=\"https:\/\/luna.amazon.de\/\" target=\"_blank\" rel=\"noopener\">luna.amazon.de<\/a><\/td>\n<\/tr>\n<tr>\n<th>Unternehmen<\/th>\n<td>Amazon.com Inc.<\/td>\n<\/tr>\n<tr>\n<th>Adresse<\/th>\n<td>410 Terry Ave N, 98109 WA Seattle, USA<\/td>\n<\/tr>\n<tr>\n<th>Kontakt<\/th>\n<td>R\u00fcckruf, Live Chat, Email<\/td>\n<\/tr>\n<tr>\n<th>CEO<\/th>\n<td>Andrew R. Jassy<\/td>\n<\/tr>\n<tr>\n<th>Gr\u00fcnder<\/th>\n<td>Jeff Bezos<\/td>\n<\/tr>\n<tr>\n<th>Gr\u00fcndung<\/th>\n<td>1994<\/td>\n<\/tr>\n<tr>\n<th>Spiele<\/th>\n<td>100+ Spiele wie The Witcher, Fallout und Lego<\/td>\n<\/tr>\n<tr>\n<th>Zahlungsmethoden<\/th>\n<td>Amazon Pay, Kreditkarte<\/td>\n<\/tr>\n<tr>\n<th>Kosten<\/th>\n<td>7 Tage kostenloser Test, einige Spiele sind mit Amazon Prime kostenlos, $9,99 pro Monat f\u00fcr Luna+, $17,99 pro Monat f\u00fcr Ubisoft+, $4,99 pro Monat f\u00fcr Jackbox Games, $69,99 f\u00fcr den Luna-Controller, andere Geb\u00fchren k\u00f6nnen f\u00fcr verschiedene Dienste anfallen<\/td>\n<\/tr>\n<tr>\n<th>Sprachen<\/th>\n<td>Deutsch, Englisch, Franz\u00f6sisch, Spanisch, Italienisch, Chinesisch, Japanisch, Portugiesisch<\/td>\n<\/tr>\n<\/tbody>\n<\/table>\n","protected":false},"excerpt":{"rendered":"<p>Amazon Luna ist eine bekannte Cloud Gaming Plattform aus den USA. Aber ist Amazon Luna ein Betrug? Nein, ist es nicht! Unser Test und Erfahrung zeigen, dass Amazon Luna eine sichere und zuverl\u00e4ssige Plattform ist. Teile deine Erkenntnisse und Erfahrungen mit Amazon Luna in unserem Kommentarbereich. \u00dcber Amazon Luna In der folgenden Tabelle findest du &#8230; <a title=\"Amazon Luna Erfahrungen: Betrug oder nicht?\" class=\"read-more\" href=\"https:\/\/www.gamingscams.com\/de\/amazon-luna\/\" aria-label=\"Mehr Informationen \u00fcber Amazon Luna Erfahrungen: Betrug oder nicht?\">Weiterlesen<\/a><\/p>\n","protected":false},"author":2,"featured_media":0,"parent":0,"menu_order":0,"comment_status":"open","ping_status":"closed","template":"","meta":{"footnotes":""},"class_list":["post-1758","page","type-page","status-publish"],"_links":{"self":[{"href":"https:\/\/www.gamingscams.com\/de\/wp-json\/wp\/v2\/pages\/1758","targetHints":{"allow":["GET"]}}],"collection":[{"href":"https:\/\/www.gamingscams.com\/de\/wp-json\/wp\/v2\/pages"}],"about":[{"href":"https:\/\/www.gamingscams.com\/de\/wp-json\/wp\/v2\/types\/page"}],"author":[{"embeddable":true,"href":"https:\/\/www.gamingscams.com\/de\/wp-json\/wp\/v2\/users\/2"}],"replies":[{"embeddable":true,"href":"https:\/\/www.gamingscams.com\/de\/wp-json\/wp\/v2\/comments?post=1758"}],"version-history":[{"count":0,"href":"https:\/\/www.gamingscams.com\/de\/wp-json\/wp\/v2\/pages\/1758\/revisions"}],"wp:attachment":[{"href":"https:\/\/www.gamingscams.com\/de\/wp-json\/wp\/v2\/media?parent=1758"}],"curies":[{"name":"wp","href":"https:\/\/api.w.org\/{rel}","templated":true}]}}