{"id":1767,"date":"2024-10-08T13:00:31","date_gmt":"2024-10-08T13:00:31","guid":{"rendered":"https:\/\/www.gamingscams.com\/?page_id=1767"},"modified":"2024-10-31T08:47:08","modified_gmt":"2024-10-31T08:47:08","slug":"blacknut","status":"publish","type":"page","link":"https:\/\/www.gamingscams.com\/de\/blacknut\/","title":{"rendered":"Blacknut Erfahrungen: Betrug oder nicht?"},"content":{"rendered":"<p><img decoding=\"async\" src=\"https:\/\/www.gamingscams.com\/wp-content\/uploads\/2024\/10\/blacknut-de-300x153.png\" alt=\"Blacknut\" width=\"300\" height=\"153\" class=\"alignright size-medium wp-image-1781\" srcset=\"https:\/\/www.gamingscams.com\/wp-content\/uploads\/2024\/10\/blacknut-de-300x153.png 300w, https:\/\/www.gamingscams.com\/wp-content\/uploads\/2024\/10\/blacknut-de-1024x523.png 1024w, https:\/\/www.gamingscams.com\/wp-content\/uploads\/2024\/10\/blacknut-de-768x392.png 768w, https:\/\/www.gamingscams.com\/wp-content\/uploads\/2024\/10\/blacknut-de-1536x784.png 1536w, https:\/\/www.gamingscams.com\/wp-content\/uploads\/2024\/10\/blacknut-de-2048x1045.png 2048w\" sizes=\"(max-width: 300px) 100vw, 300px\" \/>Blacknut ist <strong>eine bekannte Cloud Gaming Plattform aus Frankreich<\/strong>.<\/p>\n<p><u>Aber ist Blacknut ein Betrug?<\/u><\/p>\n<p><strong>Nein, ist es nicht!<\/strong><\/p>\n<p>Unser Test und Erfahrung zeigen, dass <strong>Blacknut eine sichere und zuverl\u00e4ssige Plattform ist<\/strong>.<\/p>\n<p>Teile deine Erkenntnisse und Erfahrungen mit Blacknut in <a href=\"#comments\">unserem Kommentarbereich<\/a>.<\/p>\n<h2>\u00dcber Blacknut<\/h2>\n<p>In der folgenden Tabelle findest du <strong>die wichtigsten Informationen \u00fcber Blacknut<\/strong>:<\/p>\n<table>\n<caption><u>\u00dcberblick \u00fcber Blacknut<\/u><\/caption>\n<tbody>\n<tr>\n<th>Name<\/th>\n<td>Blacknut<\/td>\n<\/tr>\n<tr>\n<th>Promo Code<\/th>\n<td>nicht verf\u00fcgbar<\/td>\n<\/tr>\n<tr>\n<th>Webseite<\/th>\n<td><a href=\"https:\/\/www.blacknut.com\/de\" target=\"_blank\" rel=\"noopener\">blacknut.com<\/a><\/td>\n<\/tr>\n<tr>\n<th>Unternehmen<\/th>\n<td>Blacknut SAS<\/td>\n<\/tr>\n<tr>\n<th>Adresse<\/th>\n<td>4 Square du Chene Germain, 35510 Cesson Sevigne, Frankreich<\/td>\n<\/tr>\n<tr>\n<th>Kontakt<\/th>\n<td>Kontaktformular<\/td>\n<\/tr>\n<tr>\n<th>CEO<\/th>\n<td>Olivier Avaro<\/td>\n<\/tr>\n<tr>\n<th>Gr\u00fcnder<\/th>\n<td>Olivier Avaro<\/td>\n<\/tr>\n<tr>\n<th>Gr\u00fcndung<\/th>\n<td>2016<\/td>\n<\/tr>\n<tr>\n<th>Spiele<\/th>\n<td>500+ Spiele wie Star Wars Force, Metro und Sniper<\/td>\n<\/tr>\n<tr>\n<th>Zahlungsmethoden<\/th>\n<td>Kreditkarte, Google Pay<\/td>\n<\/tr>\n<tr>\n<th>Kosten<\/th>\n<td>7 Tage kostenlos testen, $9.99 pro Monat f\u00fcr die ersten 6 Monate, $15.99 pro Monat danach<\/td>\n<\/tr>\n<tr>\n<th>Sprachen<\/th>\n<td>Deutsch, Englisch, Franz\u00f6sisch, Spanisch, Polnisch, Chinesisch (vereinfacht), Chinesisch, Japanisch<\/td>\n<\/tr>\n<\/tbody>\n<\/table>\n","protected":false},"excerpt":{"rendered":"<p>Blacknut ist eine bekannte Cloud Gaming Plattform aus Frankreich. Aber ist Blacknut ein Betrug? Nein, ist es nicht! Unser Test und Erfahrung zeigen, dass Blacknut eine sichere und zuverl\u00e4ssige Plattform ist. Teile deine Erkenntnisse und Erfahrungen mit Blacknut in unserem Kommentarbereich. \u00dcber Blacknut In der folgenden Tabelle findest du die wichtigsten Informationen \u00fcber Blacknut: \u00dcberblick &#8230; <a title=\"Blacknut Erfahrungen: Betrug oder nicht?\" class=\"read-more\" href=\"https:\/\/www.gamingscams.com\/de\/blacknut\/\" aria-label=\"Mehr Informationen \u00fcber Blacknut Erfahrungen: Betrug oder nicht?\">Weiterlesen<\/a><\/p>\n","protected":false},"author":2,"featured_media":0,"parent":0,"menu_order":0,"comment_status":"open","ping_status":"closed","template":"","meta":{"footnotes":""},"class_list":["post-1767","page","type-page","status-publish"],"_links":{"self":[{"href":"https:\/\/www.gamingscams.com\/de\/wp-json\/wp\/v2\/pages\/1767","targetHints":{"allow":["GET"]}}],"collection":[{"href":"https:\/\/www.gamingscams.com\/de\/wp-json\/wp\/v2\/pages"}],"about":[{"href":"https:\/\/www.gamingscams.com\/de\/wp-json\/wp\/v2\/types\/page"}],"author":[{"embeddable":true,"href":"https:\/\/www.gamingscams.com\/de\/wp-json\/wp\/v2\/users\/2"}],"replies":[{"embeddable":true,"href":"https:\/\/www.gamingscams.com\/de\/wp-json\/wp\/v2\/comments?post=1767"}],"version-history":[{"count":0,"href":"https:\/\/www.gamingscams.com\/de\/wp-json\/wp\/v2\/pages\/1767\/revisions"}],"wp:attachment":[{"href":"https:\/\/www.gamingscams.com\/de\/wp-json\/wp\/v2\/media?parent=1767"}],"curies":[{"name":"wp","href":"https:\/\/api.w.org\/{rel}","templated":true}]}}