{"id":1768,"date":"2024-10-09T10:18:59","date_gmt":"2024-10-09T10:18:59","guid":{"rendered":"https:\/\/www.gamingscams.com\/?page_id=1768"},"modified":"2024-11-01T12:03:16","modified_gmt":"2024-11-01T12:03:16","slug":"boosteroid","status":"publish","type":"page","link":"https:\/\/www.gamingscams.com\/de\/boosteroid\/","title":{"rendered":"Boosteroid Erfahrungen: Betrug oder nicht?"},"content":{"rendered":"<p><img decoding=\"async\" src=\"https:\/\/www.gamingscams.com\/wp-content\/uploads\/2024\/10\/boosteroid-de-300x153.png\" alt=\"Boosteroid\" width=\"300\" height=\"153\" class=\"alignright size-medium wp-image-1783\" srcset=\"https:\/\/www.gamingscams.com\/wp-content\/uploads\/2024\/10\/boosteroid-de-300x153.png 300w, https:\/\/www.gamingscams.com\/wp-content\/uploads\/2024\/10\/boosteroid-de-1024x523.png 1024w, https:\/\/www.gamingscams.com\/wp-content\/uploads\/2024\/10\/boosteroid-de-768x392.png 768w, https:\/\/www.gamingscams.com\/wp-content\/uploads\/2024\/10\/boosteroid-de-1536x784.png 1536w, https:\/\/www.gamingscams.com\/wp-content\/uploads\/2024\/10\/boosteroid-de-2048x1045.png 2048w\" sizes=\"(max-width: 300px) 100vw, 300px\" \/>Boosteroid ist <strong>eine bekannte Cloud Gaming Plattform aus der Ukraine<\/strong>.<\/p>\n<p><u>Aber ist Boosteroid ein Betrug?<\/u><\/p>\n<p><strong>Nein, ist es nicht!<\/strong><\/p>\n<p>Unser Test und Erfahrung zeigen, dass <strong>Boosteroid eine sichere und zuverl\u00e4ssige Plattform ist<\/strong>.<\/p>\n<p style=\"text-align: center;\"><a class=\"button\" href=\"\/de\/to\/boosteroid\" target=\"_blank\" rel=\"noopener sponsored\">Jetzt bei Boosteroid anmelden!<\/a><\/p>\n<p>Teile deine Erkenntnisse und Erfahrungen mit Boosteroid in <a href=\"#comments\">unserem Kommentarbereich<\/a>.<\/p>\n<h2>\u00dcber Boosteroid<\/h2>\n<p>In der folgenden Tabelle findest du <strong>die wichtigsten Informationen \u00fcber Boosteroid<\/strong>:<\/p>\n<table>\n<caption><u>\u00dcberblick \u00fcber Boosteroid<\/u><\/caption>\n<tbody>\n<tr>\n<th>Name<\/th>\n<td>Boosteroid<\/td>\n<\/tr>\n<tr>\n<th>Promo Code<\/th>\n<td>nicht verf\u00fcgbar<\/td>\n<\/tr>\n<tr>\n<th>Webseite<\/th>\n<td><a href=\"\/de\/to\/boosteroid\" target=\"_blank\" rel=\"noopener sponsored\">boosteroid.com<\/a><\/td>\n<\/tr>\n<tr>\n<th>Unternehmen<\/th>\n<td>Boosteroid Inc.<\/td>\n<\/tr>\n<tr>\n<th>Adresse<\/th>\n<td>Dilova Street 6, 03150 Kyiv, Ukraine<\/td>\n<\/tr>\n<tr>\n<th>Kontakt<\/th>\n<td>E-Mail<\/td>\n<\/tr>\n<tr>\n<th>CEO<\/th>\n<td>Ivan Shvaichenko<\/td>\n<\/tr>\n<tr>\n<th>Gr\u00fcnder<\/th>\n<td>Ivan Shvaichenko<\/td>\n<\/tr>\n<tr>\n<th>Gr\u00fcndung<\/th>\n<td>2016<\/td>\n<\/tr>\n<tr>\n<th>Spiele<\/th>\n<td>800+ Spiele wie Rocket League, Green Hell und Fortnite<\/td>\n<\/tr>\n<tr>\n<th>Zahlungsmethoden<\/th>\n<td>Adyen, Netopia<\/td>\n<\/tr>\n<tr>\n<th>Kosten<\/th>\n<td>14,89\u20ac pro Monat f\u00fcr Boosteroid Ultra, 79,89\u20ac f\u00fcr 6 Monate Boosteroid Ultra<\/td>\n<\/tr>\n<tr>\n<th>Sprachen<\/th>\n<td>Deutsch, Englisch, Franz\u00f6sisch, Spanisch, T\u00fcrkisch, Rum\u00e4nisch, Portugiesisch, Ungarisch, Tschechisch, Italienisch, Ukrainisch, Polnisch, Slowakisch<\/td>\n<\/tr>\n<\/tbody>\n<\/table>\n","protected":false},"excerpt":{"rendered":"<p>Boosteroid ist eine bekannte Cloud Gaming Plattform aus der Ukraine. Aber ist Boosteroid ein Betrug? Nein, ist es nicht! Unser Test und Erfahrung zeigen, dass Boosteroid eine sichere und zuverl\u00e4ssige Plattform ist. Jetzt bei Boosteroid anmelden! Teile deine Erkenntnisse und Erfahrungen mit Boosteroid in unserem Kommentarbereich. \u00dcber Boosteroid In der folgenden Tabelle findest du die &#8230; <a title=\"Boosteroid Erfahrungen: Betrug oder nicht?\" class=\"read-more\" href=\"https:\/\/www.gamingscams.com\/de\/boosteroid\/\" aria-label=\"Mehr Informationen \u00fcber Boosteroid Erfahrungen: Betrug oder nicht?\">Weiterlesen<\/a><\/p>\n","protected":false},"author":2,"featured_media":0,"parent":0,"menu_order":0,"comment_status":"open","ping_status":"closed","template":"","meta":{"footnotes":""},"class_list":["post-1768","page","type-page","status-publish"],"_links":{"self":[{"href":"https:\/\/www.gamingscams.com\/de\/wp-json\/wp\/v2\/pages\/1768","targetHints":{"allow":["GET"]}}],"collection":[{"href":"https:\/\/www.gamingscams.com\/de\/wp-json\/wp\/v2\/pages"}],"about":[{"href":"https:\/\/www.gamingscams.com\/de\/wp-json\/wp\/v2\/types\/page"}],"author":[{"embeddable":true,"href":"https:\/\/www.gamingscams.com\/de\/wp-json\/wp\/v2\/users\/2"}],"replies":[{"embeddable":true,"href":"https:\/\/www.gamingscams.com\/de\/wp-json\/wp\/v2\/comments?post=1768"}],"version-history":[{"count":0,"href":"https:\/\/www.gamingscams.com\/de\/wp-json\/wp\/v2\/pages\/1768\/revisions"}],"wp:attachment":[{"href":"https:\/\/www.gamingscams.com\/de\/wp-json\/wp\/v2\/media?parent=1768"}],"curies":[{"name":"wp","href":"https:\/\/api.w.org\/{rel}","templated":true}]}}