{"id":1790,"date":"2024-10-08T13:48:55","date_gmt":"2024-10-08T13:48:55","guid":{"rendered":"https:\/\/www.gamingscams.com\/?page_id=1790"},"modified":"2024-10-31T08:47:23","modified_gmt":"2024-10-31T08:47:23","slug":"geforce-now","status":"publish","type":"page","link":"https:\/\/www.gamingscams.com\/de\/geforce-now\/","title":{"rendered":"GeForce NOW Erfahrungen: Betrug oder nicht?"},"content":{"rendered":"<p><img decoding=\"async\" src=\"https:\/\/www.gamingscams.com\/wp-content\/uploads\/2024\/10\/geforce-now-300x153.png\" alt=\"GeForce NOW\" width=\"300\" height=\"153\" class=\"alignright size-medium wp-image-1744\" srcset=\"https:\/\/www.gamingscams.com\/wp-content\/uploads\/2024\/10\/geforce-now-300x153.png 300w, https:\/\/www.gamingscams.com\/wp-content\/uploads\/2024\/10\/geforce-now-1024x523.png 1024w, https:\/\/www.gamingscams.com\/wp-content\/uploads\/2024\/10\/geforce-now-768x392.png 768w, https:\/\/www.gamingscams.com\/wp-content\/uploads\/2024\/10\/geforce-now-1536x784.png 1536w, https:\/\/www.gamingscams.com\/wp-content\/uploads\/2024\/10\/geforce-now-2048x1045.png 2048w\" sizes=\"(max-width: 300px) 100vw, 300px\" \/>GeForce NOW ist <strong>eine bekannte Cloud Gaming Plattform aus USA<\/strong>.<\/p>\n<p><u>Aber ist GeForce NOW ein Betrug?<\/u><\/p>\n<p><strong>Nein, ist es nicht!<\/strong><\/p>\n<p>Unser Test und Erfahrung zeigen, dass <strong>GeForce NOW eine sichere und zuverl\u00e4ssige Plattform ist<\/strong>.<\/p>\n<p>Teile deine Erkenntnisse und Erfahrungen mit GeForce NOW in <a href=\"#comments\">unserem Kommentarbereich<\/a>.<\/p>\n<h2>\u00dcber GeForce NOW<\/h2>\n<p>In der folgenden Tabelle findest du <strong>die wichtigsten Informationen \u00fcber GeForce NOW<\/strong>:<\/p>\n<table>\n<caption><u>\u00dcberblick \u00fcber GeForce NOW<\/u><\/caption>\n<tbody>\n<tr>\n<th>Name<\/th>\n<td>GeForce NOW<\/td>\n<\/tr>\n<tr>\n<th>Promo Code<\/th>\n<td>nicht verf\u00fcgbar<\/td>\n<\/tr>\n<tr>\n<th>Webseite<\/th>\n<td><a href=\"https:\/\/www.nvidia.com\/en-eu\/geforce-now\/\" target=\"_blank\" rel=\"noopener\">nvidia.com<\/a><\/td>\n<\/tr>\n<tr>\n<th>Unternehmen<\/th>\n<td>Nvidia Corporation<\/td>\n<\/tr>\n<tr>\n<th>Adresse<\/th>\n<td>2788 San Tomas Express Way, Santa Clara CA 95051, USA<\/td>\n<\/tr>\n<tr>\n<th>Kontakt<\/th>\n<td>Live Chat, Kontaktformular, Phone<\/td>\n<\/tr>\n<tr>\n<th>CEO<\/th>\n<td>Jensen Huang<\/td>\n<\/tr>\n<tr>\n<th>Gr\u00fcnder<\/th>\n<td>Franck Diard, Xun Wang<\/td>\n<\/tr>\n<tr>\n<th>Gr\u00fcndung<\/th>\n<td>1993<\/td>\n<\/tr>\n<tr>\n<th>Spiele<\/th>\n<td>1.800+ Spiele wie Assasins Creed, Half-Life und World of Warship<\/td>\n<\/tr>\n<tr>\n<th>Zahlungsmethoden<\/th>\n<td>Kreditkarte, PayPal, SEPA \u00dcberweisung, Google Pay, GeForce NOW Gutschein<\/td>\n<\/tr>\n<tr>\n<th>Kosten<\/th>\n<td>eingeschr\u00e4nkte kostenlose Version, 10,99 \u20ac pro Monat f\u00fcr Priority, 21,99 \u20ac pro Monat f\u00fcr Ultimate<\/td>\n<\/tr>\n<tr>\n<th>Sprachen<\/th>\n<td>Deutsch, Englisch, Franz\u00f6sisch, Niederl\u00e4ndisch, Spanisch, Chinesisch, Japanisch, Polnisch, Tschechisch, Schwedisch, Norwegisch, Italienisch, Armenisch, D\u00e4nisch, Portugiesisch, Vietnamesisch, Filipino, Malaiisch, Suomi, Arabisch, T\u00fcrkisch, Ukrainisch<\/td>\n<\/tr>\n<\/tbody>\n<\/table>\n","protected":false},"excerpt":{"rendered":"<p>GeForce NOW ist eine bekannte Cloud Gaming Plattform aus USA. Aber ist GeForce NOW ein Betrug? Nein, ist es nicht! Unser Test und Erfahrung zeigen, dass GeForce NOW eine sichere und zuverl\u00e4ssige Plattform ist. Teile deine Erkenntnisse und Erfahrungen mit GeForce NOW in unserem Kommentarbereich. \u00dcber GeForce NOW In der folgenden Tabelle findest du die &#8230; <a title=\"GeForce NOW Erfahrungen: Betrug oder nicht?\" class=\"read-more\" href=\"https:\/\/www.gamingscams.com\/de\/geforce-now\/\" aria-label=\"Mehr Informationen \u00fcber GeForce NOW Erfahrungen: Betrug oder nicht?\">Weiterlesen<\/a><\/p>\n","protected":false},"author":2,"featured_media":0,"parent":0,"menu_order":0,"comment_status":"open","ping_status":"closed","template":"","meta":{"footnotes":""},"class_list":["post-1790","page","type-page","status-publish"],"_links":{"self":[{"href":"https:\/\/www.gamingscams.com\/de\/wp-json\/wp\/v2\/pages\/1790","targetHints":{"allow":["GET"]}}],"collection":[{"href":"https:\/\/www.gamingscams.com\/de\/wp-json\/wp\/v2\/pages"}],"about":[{"href":"https:\/\/www.gamingscams.com\/de\/wp-json\/wp\/v2\/types\/page"}],"author":[{"embeddable":true,"href":"https:\/\/www.gamingscams.com\/de\/wp-json\/wp\/v2\/users\/2"}],"replies":[{"embeddable":true,"href":"https:\/\/www.gamingscams.com\/de\/wp-json\/wp\/v2\/comments?post=1790"}],"version-history":[{"count":0,"href":"https:\/\/www.gamingscams.com\/de\/wp-json\/wp\/v2\/pages\/1790\/revisions"}],"wp:attachment":[{"href":"https:\/\/www.gamingscams.com\/de\/wp-json\/wp\/v2\/media?parent=1790"}],"curies":[{"name":"wp","href":"https:\/\/api.w.org\/{rel}","templated":true}]}}