{"id":1795,"date":"2024-10-09T11:44:00","date_gmt":"2024-10-09T11:44:00","guid":{"rendered":"https:\/\/www.gamingscams.com\/?page_id=1795"},"modified":"2024-10-31T08:47:28","modified_gmt":"2024-10-31T08:47:28","slug":"utomik","status":"publish","type":"page","link":"https:\/\/www.gamingscams.com\/de\/utomik\/","title":{"rendered":"Utomik Erfahrungen: Betrug oder nicht?"},"content":{"rendered":"<p><img decoding=\"async\" src=\"https:\/\/www.gamingscams.com\/wp-content\/uploads\/2024\/10\/utomik-1-300x153.png\" alt=\"Utomik\" width=\"300\" height=\"153\" class=\"alignright size-medium wp-image-1750\" srcset=\"https:\/\/www.gamingscams.com\/wp-content\/uploads\/2024\/10\/utomik-1-300x153.png 300w, https:\/\/www.gamingscams.com\/wp-content\/uploads\/2024\/10\/utomik-1-1024x523.png 1024w, https:\/\/www.gamingscams.com\/wp-content\/uploads\/2024\/10\/utomik-1-768x392.png 768w, https:\/\/www.gamingscams.com\/wp-content\/uploads\/2024\/10\/utomik-1-1536x784.png 1536w, https:\/\/www.gamingscams.com\/wp-content\/uploads\/2024\/10\/utomik-1-2048x1045.png 2048w\" sizes=\"(max-width: 300px) 100vw, 300px\" \/>Utomik ist <strong>eine bekannte Cloud Gaming Plattform aus den Niederlanden<\/strong>.<\/p>\n<p><u>Aber ist Utomik ein Betrug?<\/u><\/p>\n<p><strong>Nein, ist es nicht!<\/strong><\/p>\n<p>Unser Test und Erfahrung zeigen, dass <strong>Utomik eine sichere und zuverl\u00e4ssige Plattform ist<\/strong>.<\/p>\n<p>Teile deine Erkenntnisse und Erfahrungen mit Utomik in <a href=\"#comments\">unserem Kommentarbereich<\/a>.<\/p>\n<h2>\u00dcber Utomik<\/h2>\n<p>In der folgenden Tabelle findest du <strong>die wichtigsten Informationen \u00fcber Utomik<\/strong>:<\/p>\n<table>\n<caption><u>\u00dcberblick \u00fcber Utomik<\/u><\/caption>\n<tbody>\n<tr>\n<th>Name<\/th>\n<td>Utomik<\/td>\n<\/tr>\n<tr>\n<th>Promo Code<\/th>\n<td>nicht verf\u00fcgbar<\/td>\n<\/tr>\n<tr>\n<th>Webseite<\/th>\n<td><a href=\"https:\/\/www.utomik.com\/\" target=\"_blank\" rel=\"noopener\">utomik.com<\/a><\/td>\n<\/tr>\n<tr>\n<th>Unternehmen<\/th>\n<td>Utomik B.V.<\/td>\n<\/tr>\n<tr>\n<th>Adresse<\/th>\n<td>Paradijslaan 5, 5611 KM Eindhoven, Niederlande<\/td>\n<\/tr>\n<tr>\n<th>Kontakt<\/th>\n<td>E-Mail, Kontaktformular<\/td>\n<\/tr>\n<tr>\n<th>CEO<\/th>\n<td>Doki Tops<\/td>\n<\/tr>\n<tr>\n<th>Gr\u00fcnder<\/th>\n<td>Doki Tops<\/td>\n<\/tr>\n<tr>\n<th>Gr\u00fcndung<\/th>\n<td>2014<\/td>\n<\/tr>\n<tr>\n<th>Spiele<\/th>\n<td>1.400+ Spiele wie Metro 2033, Songs of Horror und Ice Age<\/td>\n<\/tr>\n<tr>\n<th>Zahlungsmethoden<\/th>\n<td>Kreditkarte, PayPal<\/td>\n<\/tr>\n<tr>\n<th>Kosten<\/th>\n<td>kostenlose Testversion, 4,99 \u20ac pro Monat f\u00fcr Personal, 8,99 \u20ac pro Monat f\u00fcr Personal + Cloud, 12,99 \u20ac pro Monat f\u00fcr Family + Cloud<\/td>\n<\/tr>\n<tr>\n<th>Sprachen<\/th>\n<td>Englisch<\/td>\n<\/tr>\n<\/tbody>\n<\/table>\n","protected":false},"excerpt":{"rendered":"<p>Utomik ist eine bekannte Cloud Gaming Plattform aus den Niederlanden. Aber ist Utomik ein Betrug? Nein, ist es nicht! Unser Test und Erfahrung zeigen, dass Utomik eine sichere und zuverl\u00e4ssige Plattform ist. Teile deine Erkenntnisse und Erfahrungen mit Utomik in unserem Kommentarbereich. \u00dcber Utomik In der folgenden Tabelle findest du die wichtigsten Informationen \u00fcber Utomik: &#8230; <a title=\"Utomik Erfahrungen: Betrug oder nicht?\" class=\"read-more\" href=\"https:\/\/www.gamingscams.com\/de\/utomik\/\" aria-label=\"Mehr Informationen \u00fcber Utomik Erfahrungen: Betrug oder nicht?\">Weiterlesen<\/a><\/p>\n","protected":false},"author":2,"featured_media":0,"parent":0,"menu_order":0,"comment_status":"open","ping_status":"closed","template":"","meta":{"footnotes":""},"class_list":["post-1795","page","type-page","status-publish"],"_links":{"self":[{"href":"https:\/\/www.gamingscams.com\/de\/wp-json\/wp\/v2\/pages\/1795","targetHints":{"allow":["GET"]}}],"collection":[{"href":"https:\/\/www.gamingscams.com\/de\/wp-json\/wp\/v2\/pages"}],"about":[{"href":"https:\/\/www.gamingscams.com\/de\/wp-json\/wp\/v2\/types\/page"}],"author":[{"embeddable":true,"href":"https:\/\/www.gamingscams.com\/de\/wp-json\/wp\/v2\/users\/2"}],"replies":[{"embeddable":true,"href":"https:\/\/www.gamingscams.com\/de\/wp-json\/wp\/v2\/comments?post=1795"}],"version-history":[{"count":0,"href":"https:\/\/www.gamingscams.com\/de\/wp-json\/wp\/v2\/pages\/1795\/revisions"}],"wp:attachment":[{"href":"https:\/\/www.gamingscams.com\/de\/wp-json\/wp\/v2\/media?parent=1795"}],"curies":[{"name":"wp","href":"https:\/\/api.w.org\/{rel}","templated":true}]}}