{"id":2114,"date":"2024-10-08T13:46:20","date_gmt":"2024-10-08T13:46:20","guid":{"rendered":"https:\/\/www.gamingscams.com\/?page_id=2114"},"modified":"2024-11-01T10:07:35","modified_gmt":"2024-11-01T10:07:35","slug":"enlisted","status":"publish","type":"page","link":"https:\/\/www.gamingscams.com\/de\/enlisted\/","title":{"rendered":"ENLISTED Erfahrungen: Betrug oder nicht?"},"content":{"rendered":"<p><img decoding=\"async\" src=\"https:\/\/www.gamingscams.com\/wp-content\/uploads\/2024\/11\/enlisted-de-300x153.png\" alt=\"ENLISTED\" width=\"300\" height=\"153\" class=\"alignright size-medium wp-image-2124\" srcset=\"https:\/\/www.gamingscams.com\/wp-content\/uploads\/2024\/11\/enlisted-de-300x153.png 300w, https:\/\/www.gamingscams.com\/wp-content\/uploads\/2024\/11\/enlisted-de-1024x523.png 1024w, https:\/\/www.gamingscams.com\/wp-content\/uploads\/2024\/11\/enlisted-de-768x392.png 768w, https:\/\/www.gamingscams.com\/wp-content\/uploads\/2024\/11\/enlisted-de-1536x784.png 1536w, https:\/\/www.gamingscams.com\/wp-content\/uploads\/2024\/11\/enlisted-de-2048x1045.png 2048w\" sizes=\"(max-width: 300px) 100vw, 300px\" \/>ENLISTED ist <strong>ein bekanntes Spiel, entwickelt von Darkflow Software<\/strong>.<\/p>\n<p><u>Aber ist ENLISTED ein Betrug?<\/u><\/p>\n<p><strong>Nein, ist es nicht!<\/strong><\/p>\n<p>Unser Test und Erfahrung zeigen, dass <strong>ENLISTED ein sicheres und zuverl\u00e4ssiges Spiel ist<\/strong>.<\/p>\n<p>Teile deine Erkenntnisse und Erfahrungen mit ENLISTED in <a href=\"#comments\">unserem Kommentarbereich<\/a>.<\/p>\n<h2>\u00dcber ENLISTED<\/h2>\n<p>In der folgenden Tabelle findest du <strong>die wichtigsten Informationen \u00fcber ENLISTED<\/strong>:<\/p>\n<table>\n<caption><u>\u00dcberblick \u00fcber ENLISTED<\/u><\/caption>\n<tbody>\n<tr>\n<th>Name<\/th>\n<td>ENLISTED<\/td>\n<\/tr>\n<tr>\n<th>Webseite<\/th>\n<td><a href=\"https:\/\/enlisted.net\/de\/#!\/\" target=\"_blank\" rel=\"noopener\">enlisted.net<\/a><\/td>\n<\/tr>\n<tr>\n<th>Unternehmen<\/th>\n<td>Gaijin Network Ltd<\/td>\n<\/tr>\n<tr>\n<th>Adresse<\/th>\n<td>Ifigeneias street 63, Office 302, 2003 Strovolos, Nicosia, Zypern<\/td>\n<\/tr>\n<tr>\n<th>Kontakt<\/th>\n<td>E-Mail, Briefpost<\/td>\n<\/tr>\n<tr>\n<th>CEO<\/th>\n<td>Anton Yudintsev<\/td>\n<\/tr>\n<tr>\n<th>Gr\u00fcnder<\/th>\n<td>Anton Yudintsev, Kirill Yudintsev<\/td>\n<\/tr>\n<tr>\n<th>Gr\u00fcndung<\/th>\n<td>2002<\/td>\n<\/tr>\n<tr>\n<th>Plattformen<\/th>\n<td>Windows, Android, PlayStation 4, xBox One, Playstation 4, Playstation 5<\/td>\n<\/tr>\n<tr>\n<th>Genre<\/th>\n<td>MMO<\/td>\n<\/tr>\n<tr>\n<th>Kosten<\/th>\n<td>Free to Play mit Ingame-W\u00e4hrung (Gaijin-M\u00fcnzen) und Item-Shop<\/td>\n<\/tr>\n<tr>\n<th>Zahlungsmethoden<\/th>\n<td>Kreditkarte, BitPay, Apple Pay, Google Pay, Skrill, Crypto.com Pay, Skins Cash<\/td>\n<\/tr>\n<tr>\n<th>Sprachen<\/th>\n<td>Deutsch, Englisch, Russisch<\/td>\n<\/tr>\n<\/tbody>\n<\/table>\n","protected":false},"excerpt":{"rendered":"<p>ENLISTED ist ein bekanntes Spiel, entwickelt von Darkflow Software. Aber ist ENLISTED ein Betrug? Nein, ist es nicht! Unser Test und Erfahrung zeigen, dass ENLISTED ein sicheres und zuverl\u00e4ssiges Spiel ist. Teile deine Erkenntnisse und Erfahrungen mit ENLISTED in unserem Kommentarbereich. \u00dcber ENLISTED In der folgenden Tabelle findest du die wichtigsten Informationen \u00fcber ENLISTED: \u00dcberblick &#8230; <a title=\"ENLISTED Erfahrungen: Betrug oder nicht?\" class=\"read-more\" href=\"https:\/\/www.gamingscams.com\/de\/enlisted\/\" aria-label=\"Mehr Informationen \u00fcber ENLISTED Erfahrungen: Betrug oder nicht?\">Weiterlesen<\/a><\/p>\n","protected":false},"author":2,"featured_media":0,"parent":0,"menu_order":0,"comment_status":"open","ping_status":"closed","template":"","meta":{"footnotes":""},"class_list":["post-2114","page","type-page","status-publish"],"_links":{"self":[{"href":"https:\/\/www.gamingscams.com\/de\/wp-json\/wp\/v2\/pages\/2114","targetHints":{"allow":["GET"]}}],"collection":[{"href":"https:\/\/www.gamingscams.com\/de\/wp-json\/wp\/v2\/pages"}],"about":[{"href":"https:\/\/www.gamingscams.com\/de\/wp-json\/wp\/v2\/types\/page"}],"author":[{"embeddable":true,"href":"https:\/\/www.gamingscams.com\/de\/wp-json\/wp\/v2\/users\/2"}],"replies":[{"embeddable":true,"href":"https:\/\/www.gamingscams.com\/de\/wp-json\/wp\/v2\/comments?post=2114"}],"version-history":[{"count":0,"href":"https:\/\/www.gamingscams.com\/de\/wp-json\/wp\/v2\/pages\/2114\/revisions"}],"wp:attachment":[{"href":"https:\/\/www.gamingscams.com\/de\/wp-json\/wp\/v2\/media?parent=2114"}],"curies":[{"name":"wp","href":"https:\/\/api.w.org\/{rel}","templated":true}]}}