{"id":2151,"date":"2024-10-09T10:11:50","date_gmt":"2024-10-09T10:11:50","guid":{"rendered":"https:\/\/www.gamingscams.com\/?page_id=2151"},"modified":"2024-11-01T10:35:44","modified_gmt":"2024-11-01T10:35:44","slug":"smite","status":"publish","type":"page","link":"https:\/\/www.gamingscams.com\/de\/smite\/","title":{"rendered":"SMITE Erfahrungen: Betrug oder nicht?"},"content":{"rendered":"<p><img decoding=\"async\" src=\"https:\/\/www.gamingscams.com\/wp-content\/uploads\/2024\/10\/smite-300x153.png\" alt=\"SMITE\" width=\"300\" height=\"153\" class=\"alignright size-medium wp-image-1929\" srcset=\"https:\/\/www.gamingscams.com\/wp-content\/uploads\/2024\/10\/smite-300x153.png 300w, https:\/\/www.gamingscams.com\/wp-content\/uploads\/2024\/10\/smite-1024x523.png 1024w, https:\/\/www.gamingscams.com\/wp-content\/uploads\/2024\/10\/smite-768x392.png 768w, https:\/\/www.gamingscams.com\/wp-content\/uploads\/2024\/10\/smite-1536x784.png 1536w, https:\/\/www.gamingscams.com\/wp-content\/uploads\/2024\/10\/smite-2048x1045.png 2048w\" sizes=\"(max-width: 300px) 100vw, 300px\" \/>SMITE ist <strong>ein bekanntes Spiel, entwickelt von Hi-Rez Studios<\/strong>.<\/p>\n<p><u>Aber ist SMITE ein Betrug?<\/u><\/p>\n<p><strong>Nein, ist es nicht!<\/strong><\/p>\n<p>Unser Test und Erfahrung zeigen, dass <strong>SMITE ein sicheres und zuverl\u00e4ssiges Spiel ist<\/strong>.<\/p>\n<p>Teile deine Erkenntnisse und Erfahrungen mit SMITE in <a href=\"#comments\">unserem Kommentarbereich<\/a>.<\/p>\n<h2>\u00dcber SMITE<\/h2>\n<p>In der folgenden Tabelle findest du <strong>die wichtigsten Informationen \u00fcber SMITE<\/strong>:<\/p>\n<table>\n<caption><u>\u00dcberblick \u00fcber SMITE<\/u><\/caption>\n<tbody>\n<tr>\n<th>Name<\/th>\n<td>SMITE<\/td>\n<\/tr>\n<tr>\n<th>Webseite<\/th>\n<td><a href=\"https:\/\/www.smitegame.com\/\" target=\"_blank\" rel=\"noopener\">smitegame.com<\/a><\/td>\n<\/tr>\n<tr>\n<th>Unternehmen<\/th>\n<td>Hi-Rez Studios, Inc<\/td>\n<\/tr>\n<tr>\n<th>Adresse<\/th>\n<td>3905 Brookside Parkway Suite 200 Alpharetta, GA 30022, USA<\/td>\n<\/tr>\n<tr>\n<th>Kontakt<\/th>\n<td>nicht verf\u00fcgbar<\/td>\n<\/tr>\n<tr>\n<th>CEO<\/th>\n<td>Erez Goren\u00a0Stew Chisam<\/td>\n<\/tr>\n<tr>\n<th>Gr\u00fcnder<\/th>\n<td>Erez Goren, Todd Harris<\/td>\n<\/tr>\n<tr>\n<th>Gr\u00fcndung<\/th>\n<td>2005<\/td>\n<\/tr>\n<tr>\n<th>Plattformen<\/th>\n<td>Windows,\u00a0macOS,\u00a0xBox One,\u00a0PlayStation 4,\u00a0Nintendo Switch<\/td>\n<\/tr>\n<tr>\n<th>Genre<\/th>\n<td>MOBA<\/td>\n<\/tr>\n<tr>\n<th>Kosten<\/th>\n<td>Free to Play mit der M\u00f6glichkeit, Gegenst\u00e4nde zu kaufen, um den Fortschritt zu verbessern<\/td>\n<\/tr>\n<tr>\n<th>Zahlungsmethoden<\/th>\n<td>PayPal, Google Pay, Kreditkarte<\/td>\n<\/tr>\n<tr>\n<th>Sprachen<\/th>\n<td>Deutsch, Englisch, Russisch, Spanisch, Franz\u00f6sisch, Polnisch, Portugiesisch, T\u00fcrkisch<\/td>\n<\/tr>\n<\/tbody>\n<\/table>\n","protected":false},"excerpt":{"rendered":"<p>SMITE ist ein bekanntes Spiel, entwickelt von Hi-Rez Studios. Aber ist SMITE ein Betrug? Nein, ist es nicht! Unser Test und Erfahrung zeigen, dass SMITE ein sicheres und zuverl\u00e4ssiges Spiel ist. Teile deine Erkenntnisse und Erfahrungen mit SMITE in unserem Kommentarbereich. \u00dcber SMITE In der folgenden Tabelle findest du die wichtigsten Informationen \u00fcber SMITE: \u00dcberblick &#8230; <a title=\"SMITE Erfahrungen: Betrug oder nicht?\" class=\"read-more\" href=\"https:\/\/www.gamingscams.com\/de\/smite\/\" aria-label=\"Mehr Informationen \u00fcber SMITE Erfahrungen: Betrug oder nicht?\">Weiterlesen<\/a><\/p>\n","protected":false},"author":2,"featured_media":0,"parent":0,"menu_order":0,"comment_status":"open","ping_status":"closed","template":"","meta":{"footnotes":""},"class_list":["post-2151","page","type-page","status-publish"],"_links":{"self":[{"href":"https:\/\/www.gamingscams.com\/de\/wp-json\/wp\/v2\/pages\/2151","targetHints":{"allow":["GET"]}}],"collection":[{"href":"https:\/\/www.gamingscams.com\/de\/wp-json\/wp\/v2\/pages"}],"about":[{"href":"https:\/\/www.gamingscams.com\/de\/wp-json\/wp\/v2\/types\/page"}],"author":[{"embeddable":true,"href":"https:\/\/www.gamingscams.com\/de\/wp-json\/wp\/v2\/users\/2"}],"replies":[{"embeddable":true,"href":"https:\/\/www.gamingscams.com\/de\/wp-json\/wp\/v2\/comments?post=2151"}],"version-history":[{"count":0,"href":"https:\/\/www.gamingscams.com\/de\/wp-json\/wp\/v2\/pages\/2151\/revisions"}],"wp:attachment":[{"href":"https:\/\/www.gamingscams.com\/de\/wp-json\/wp\/v2\/media?parent=2151"}],"curies":[{"name":"wp","href":"https:\/\/api.w.org\/{rel}","templated":true}]}}