{"id":2181,"date":"2024-10-09T10:17:15","date_gmt":"2024-10-09T10:17:15","guid":{"rendered":"https:\/\/www.gamingscams.com\/?page_id=2181"},"modified":"2024-11-01T10:53:32","modified_gmt":"2024-11-01T10:53:32","slug":"warpath","status":"publish","type":"page","link":"https:\/\/www.gamingscams.com\/de\/warpath\/","title":{"rendered":"Warpath Erfahrungen: Betrug oder nicht?"},"content":{"rendered":"<p><img decoding=\"async\" class=\"alignright size-medium wp-image-807\" src=\"https:\/\/www.gamingscams.com\/wp-content\/uploads\/2024\/08\/warpath-300x144.png\" alt=\"Warpath \" width=\"300\" height=\"144\" srcset=\"https:\/\/www.gamingscams.com\/wp-content\/uploads\/2024\/08\/warpath-300x144.png 300w, https:\/\/www.gamingscams.com\/wp-content\/uploads\/2024\/08\/warpath-1024x491.png 1024w, https:\/\/www.gamingscams.com\/wp-content\/uploads\/2024\/08\/warpath-768x368.png 768w, https:\/\/www.gamingscams.com\/wp-content\/uploads\/2024\/08\/warpath.png 1432w\" sizes=\"(max-width: 300px) 100vw, 300px\" \/>Warpath ist <strong>ein bekanntes Spiel, entwickelt von Gaijin Entertainment<\/strong>.<\/p>\n<p><u>Aber ist Warpath ein Betrug?<\/u><\/p>\n<p><strong>Nein, ist es nicht!<\/strong><\/p>\n<p>Unser Test und Erfahrung zeigen, dass <strong>Warpath ein sicheres und zuverl\u00e4ssiges Spiel ist<\/strong>.<\/p>\n<p>Teile deine Erkenntnisse und Erfahrungen mit Warpath in <a href=\"#comments\">unserem Kommentarbereich<\/a>.<\/p>\n<h2>\u00dcber Warpath<\/h2>\n<p>In der folgenden Tabelle findest du <strong>die wichtigsten Informationen \u00fcber Warpath<\/strong>:<\/p>\n<table>\n<caption><u>\u00dcberblick \u00fcber Warpath<\/u><\/caption>\n<tbody>\n<tr>\n<th>Name<\/th>\n<td>Warpath<\/td>\n<\/tr>\n<tr>\n<th>Webseite<\/th>\n<td><a href=\"https:\/\/warpath.lilith.com\/\" target=\"_blank\" rel=\"noopener\">warpath.lilith.com<\/a><\/td>\n<\/tr>\n<tr>\n<th>Unternehmen<\/th>\n<td>Gaijin Network Ltd.<\/td>\n<\/tr>\n<tr>\n<th>Adresse<\/th>\n<td>Ifigeneias street 63, Office 302, 2003 Strovolos, Nicosia, Zypern<\/td>\n<\/tr>\n<tr>\n<th>Kontakt<\/th>\n<td>E-Mail<\/td>\n<\/tr>\n<tr>\n<th>CEO<\/th>\n<td>Anton Yudintsev<\/td>\n<\/tr>\n<tr>\n<th>Gr\u00fcnder<\/th>\n<td>Anton Yudintsev, Kirill Yudintsev<\/td>\n<\/tr>\n<tr>\n<th>Gr\u00fcndung<\/th>\n<td>2002<\/td>\n<\/tr>\n<tr>\n<th>Plattformen<\/th>\n<td>Windows,\u00a0macOS,\u00a0Linux,\u00a0PlayStation 4,\u00a0xBox One,\u00a0PlayStation 5,\u00a0xBox Series X\/S,\u00a0Oculus, Vive, Android, iOS<\/td>\n<\/tr>\n<tr>\n<th>Genre<\/th>\n<td>MMO<\/td>\n<\/tr>\n<tr>\n<th>Kosten<\/th>\n<td>Free to Play mit Ingame-W\u00e4hrung (Gaijin-M\u00fcnzen) und Item-Shop<\/td>\n<\/tr>\n<tr>\n<th>Zahlungsmethoden<\/th>\n<td>Kreditkarte, BitPay, Apple Pay, Google Pay, Skrill, Crypto.com Pay, SkinsCash, PayPal, Amazon Pay<\/td>\n<\/tr>\n<tr>\n<th>Sprachen<\/th>\n<td>Deutsch, Englisch, Franz\u00f6sisch, Spanisch, Russisch, Chinesisch, Japanisch, Koreanisch, Tschechisch, Italienisch, Portugiesisch, T\u00fcrkisch, Polnisch<\/td>\n<\/tr>\n<\/tbody>\n<\/table>\n","protected":false},"excerpt":{"rendered":"<p>Warpath ist ein bekanntes Spiel, entwickelt von Gaijin Entertainment. Aber ist Warpath ein Betrug? Nein, ist es nicht! Unser Test und Erfahrung zeigen, dass Warpath ein sicheres und zuverl\u00e4ssiges Spiel ist. Teile deine Erkenntnisse und Erfahrungen mit Warpath in unserem Kommentarbereich. \u00dcber Warpath In der folgenden Tabelle findest du die wichtigsten Informationen \u00fcber Warpath: \u00dcberblick &#8230; <a title=\"Warpath Erfahrungen: Betrug oder nicht?\" class=\"read-more\" href=\"https:\/\/www.gamingscams.com\/de\/warpath\/\" aria-label=\"Mehr Informationen \u00fcber Warpath Erfahrungen: Betrug oder nicht?\">Weiterlesen<\/a><\/p>\n","protected":false},"author":2,"featured_media":0,"parent":0,"menu_order":0,"comment_status":"open","ping_status":"closed","template":"","meta":{"footnotes":""},"class_list":["post-2181","page","type-page","status-publish"],"_links":{"self":[{"href":"https:\/\/www.gamingscams.com\/de\/wp-json\/wp\/v2\/pages\/2181","targetHints":{"allow":["GET"]}}],"collection":[{"href":"https:\/\/www.gamingscams.com\/de\/wp-json\/wp\/v2\/pages"}],"about":[{"href":"https:\/\/www.gamingscams.com\/de\/wp-json\/wp\/v2\/types\/page"}],"author":[{"embeddable":true,"href":"https:\/\/www.gamingscams.com\/de\/wp-json\/wp\/v2\/users\/2"}],"replies":[{"embeddable":true,"href":"https:\/\/www.gamingscams.com\/de\/wp-json\/wp\/v2\/comments?post=2181"}],"version-history":[{"count":0,"href":"https:\/\/www.gamingscams.com\/de\/wp-json\/wp\/v2\/pages\/2181\/revisions"}],"wp:attachment":[{"href":"https:\/\/www.gamingscams.com\/de\/wp-json\/wp\/v2\/media?parent=2181"}],"curies":[{"name":"wp","href":"https:\/\/api.w.org\/{rel}","templated":true}]}}