{"id":2209,"date":"2024-10-10T15:43:36","date_gmt":"2024-10-10T15:43:36","guid":{"rendered":"https:\/\/www.gamingscams.com\/?page_id=2209"},"modified":"2024-11-01T11:01:25","modified_gmt":"2024-11-01T11:01:25","slug":"wizzard101","status":"publish","type":"page","link":"https:\/\/www.gamingscams.com\/de\/wizzard101\/","title":{"rendered":"Wizzard101 Erfahrungen: Betrug oder nicht?"},"content":{"rendered":"<p><img decoding=\"async\" src=\"https:\/\/www.gamingscams.com\/wp-content\/uploads\/2024\/10\/wizard101-300x153.png\" alt=\"Wizard101\" width=\"300\" height=\"153\" class=\"alignright size-medium wp-image-1954\" srcset=\"https:\/\/www.gamingscams.com\/wp-content\/uploads\/2024\/10\/wizard101-300x153.png 300w, https:\/\/www.gamingscams.com\/wp-content\/uploads\/2024\/10\/wizard101-1024x523.png 1024w, https:\/\/www.gamingscams.com\/wp-content\/uploads\/2024\/10\/wizard101-768x392.png 768w, https:\/\/www.gamingscams.com\/wp-content\/uploads\/2024\/10\/wizard101-1536x784.png 1536w, https:\/\/www.gamingscams.com\/wp-content\/uploads\/2024\/10\/wizard101-2048x1045.png 2048w\" sizes=\"(max-width: 300px) 100vw, 300px\" \/>Wizzard101 ist <strong>ein bekanntes Spiel, entwickelt von KingIsle<\/strong>.<\/p>\n<p><u>Aber ist Wizzard101 ein Betrug?<\/u><\/p>\n<p><strong>Nein, ist es nicht!<\/strong><\/p>\n<p>Unser Test und Erfahrung zeigen, dass <strong>Wizzard101 ein sicheres und zuverl\u00e4ssiges Spiel ist<\/strong>.<\/p>\n<p>Teile deine Erkenntnisse und Erfahrungen mit Wizzard101 in <a href=\"#comments\">unserem Kommentarbereich<\/a>.<\/p>\n<h2>\u00dcber Wizzard101<\/h2>\n<p>In der folgenden Tabelle findest du <strong>die wichtigsten Informationen \u00fcber Wizzard101<\/strong>:<\/p>\n<table>\n<caption><u>\u00dcberblick \u00fcber Wizzard101<\/u><\/caption>\n<tbody>\n<tr>\n<th>Name<\/th>\n<td>Wizzard101<\/td>\n<\/tr>\n<tr>\n<th>Webseite<\/th>\n<td><a href=\"https:\/\/www.wizard101.com\/\" target=\"_blank\" rel=\"noopener\">wizard101.com<\/a><\/td>\n<\/tr>\n<tr>\n<th>Unternehmen<\/th>\n<td>KingsIsle Entertainment, Inc.<\/td>\n<\/tr>\n<tr>\n<th>Adresse<\/th>\n<td>301 Sundance Pkwy, Round Rock, TX 78681, USA<\/td>\n<\/tr>\n<tr>\n<th>Kontakt<\/th>\n<td>E-Mail<\/td>\n<\/tr>\n<tr>\n<th>CEO<\/th>\n<td>Elie Akilian<\/td>\n<\/tr>\n<tr>\n<th>Gr\u00fcnder<\/th>\n<td>Elie Akilian<\/td>\n<\/tr>\n<tr>\n<th>Gr\u00fcndung<\/th>\n<td>2005<\/td>\n<\/tr>\n<tr>\n<th>Plattformen<\/th>\n<td>Windows,\u00a0macOS,\u00a0Linux,\u00a0PlayStation 4,\u00a0xBox One,\u00a0PlayStation 5,\u00a0xBox Series X\/S,\u00a0Oculus, Vive, Android, iOS<\/td>\n<\/tr>\n<tr>\n<th>Genre<\/th>\n<td>MMORPG<\/td>\n<\/tr>\n<tr>\n<th>Kosten<\/th>\n<td>Free to Play mit Ingame-W\u00e4hrung, M\u00fcnzen und Item-Shop, Geschenkkarten, Shop mit realer Kleidung und Accessoires<\/td>\n<\/tr>\n<tr>\n<th>Zahlungsmethoden<\/th>\n<td>Kreditkarte, PayPal<\/td>\n<\/tr>\n<tr>\n<th>Sprachen<\/th>\n<td>Deutsch, Englisch, Franz\u00f6sisch, Spanisch<\/td>\n<\/tr>\n<\/tbody>\n<\/table>\n","protected":false},"excerpt":{"rendered":"<p>Wizzard101 ist ein bekanntes Spiel, entwickelt von KingIsle. Aber ist Wizzard101 ein Betrug? Nein, ist es nicht! Unser Test und Erfahrung zeigen, dass Wizzard101 ein sicheres und zuverl\u00e4ssiges Spiel ist. Teile deine Erkenntnisse und Erfahrungen mit Wizzard101 in unserem Kommentarbereich. \u00dcber Wizzard101 In der folgenden Tabelle findest du die wichtigsten Informationen \u00fcber Wizzard101: \u00dcberblick \u00fcber &#8230; <a title=\"Wizzard101 Erfahrungen: Betrug oder nicht?\" class=\"read-more\" href=\"https:\/\/www.gamingscams.com\/de\/wizzard101\/\" aria-label=\"Mehr Informationen \u00fcber Wizzard101 Erfahrungen: Betrug oder nicht?\">Weiterlesen<\/a><\/p>\n","protected":false},"author":2,"featured_media":0,"parent":0,"menu_order":0,"comment_status":"open","ping_status":"closed","template":"","meta":{"footnotes":""},"class_list":["post-2209","page","type-page","status-publish"],"_links":{"self":[{"href":"https:\/\/www.gamingscams.com\/de\/wp-json\/wp\/v2\/pages\/2209","targetHints":{"allow":["GET"]}}],"collection":[{"href":"https:\/\/www.gamingscams.com\/de\/wp-json\/wp\/v2\/pages"}],"about":[{"href":"https:\/\/www.gamingscams.com\/de\/wp-json\/wp\/v2\/types\/page"}],"author":[{"embeddable":true,"href":"https:\/\/www.gamingscams.com\/de\/wp-json\/wp\/v2\/users\/2"}],"replies":[{"embeddable":true,"href":"https:\/\/www.gamingscams.com\/de\/wp-json\/wp\/v2\/comments?post=2209"}],"version-history":[{"count":0,"href":"https:\/\/www.gamingscams.com\/de\/wp-json\/wp\/v2\/pages\/2209\/revisions"}],"wp:attachment":[{"href":"https:\/\/www.gamingscams.com\/de\/wp-json\/wp\/v2\/media?parent=2209"}],"curies":[{"name":"wp","href":"https:\/\/api.w.org\/{rel}","templated":true}]}}